{"id":14745,"date":"2022-11-21T23:20:22","date_gmt":"2022-11-21T23:20:22","guid":{"rendered":"https:\/\/www.gilmanmakina.com\/urunlerimiz\/"},"modified":"2022-11-25T00:33:01","modified_gmt":"2022-11-25T00:33:01","slug":"products","status":"publish","type":"page","link":"https:\/\/www.gilmanmakina.com\/en\/products\/","title":{"rendered":"Products"},"content":{"rendered":"\t\t<div data-elementor-type=\"wp-page\" data-elementor-id=\"14745\" class=\"elementor elementor-14745 elementor-13859\">\n\t\t\t\t\t\t\t\t\t<section class=\"elementor-section elementor-top-section elementor-element elementor-element-a094f54 elementor-section-stretched elementor-section-boxed elementor-section-height-default elementor-section-height-default\" data-id=\"a094f54\" data-element_type=\"section\" data-settings=\"{&quot;stretch_section&quot;:&quot;section-stretched&quot;}\">\n\t\t\t\t\t\t<div class=\"elementor-container elementor-column-gap-default\">\n\t\t\t\t\t<div class=\"elementor-column elementor-col-100 elementor-top-column elementor-element elementor-element-e56d283\" data-id=\"e56d283\" data-element_type=\"column\">\n\t\t\t<div class=\"elementor-widget-wrap elementor-element-populated\">\n\t\t\t\t\t\t\t\t<div class=\"elementor-element elementor-element-9328ae9 elementor-widget elementor-widget-rs-product-list\" data-id=\"9328ae9\" data-element_type=\"widget\" data-widget_type=\"rs-product-list.default\">\n\t\t\t\t<div class=\"elementor-widget-container\">\n\t\t\t        <div class=\"row\">\r\n                        \t<div class=\"product-item col-lg-6 col-md-6 col-xs-1\">\r\n\t                <div class=\"product-img overlay\">\r\n\t                \t<div class=\"product-btn\">\r\n\t\t                    <a href=\"https:\/\/www.gilmanmakina.com\/en\/product\/yarn-wrapper-machine-balaban\/\" data-quantity=\"1\" class=\"button wp-element-button product_type_simple\" data-product_id=\"14807\" data-product_sku=\"GM-101\" aria-label=\"Read more about &ldquo;Yarn Wrapper Machine (Balaban)&rdquo;\" rel=\"nofollow\">Read more<\/a>\t\t                <\/div>\r\n\t                \t\t                    <a href=\"https:\/\/www.gilmanmakina.com\/en\/product\/yarn-wrapper-machine-balaban\/\">\r\n\t                        <img loading=\"lazy\" decoding=\"async\" width=\"900\" height=\"600\" src=\"https:\/\/www.gilmanmakina.com\/wp-content\/uploads\/2020\/06\/iplik-sarma-makinasi.jpg\" class=\"attachment-shop_single size-shop_single wp-post-image\" alt=\"\" srcset=\"https:\/\/www.gilmanmakina.com\/wp-content\/uploads\/2020\/06\/iplik-sarma-makinasi.jpg 900w, https:\/\/www.gilmanmakina.com\/wp-content\/uploads\/2020\/06\/iplik-sarma-makinasi-300x200.jpg 300w, https:\/\/www.gilmanmakina.com\/wp-content\/uploads\/2020\/06\/iplik-sarma-makinasi-768x512.jpg 768w, https:\/\/www.gilmanmakina.com\/wp-content\/uploads\/2020\/06\/iplik-sarma-makinasi-365x243.jpg 365w, https:\/\/www.gilmanmakina.com\/wp-content\/uploads\/2020\/06\/iplik-sarma-makinasi-600x400.jpg 600w\" sizes=\"auto, (max-width: 900px) 100vw, 900px\" \/>\t                    <\/a>\r\n\t                <\/div>\r\n\t                <div class=\"rselements-product-list\">\r\n\t\t                <h4 class=\"product-title\"><a href=\"https:\/\/www.gilmanmakina.com\/en\/product\/yarn-wrapper-machine-balaban\/\">Yarn Wrapper Machine (Balaban)<\/a><\/h4>\r\n\t\t                <span class=\"product-price\"><\/span>\r\n\t\t                \r\n\t\t            <\/div>\r\n            \t<\/div>\r\n    \t\t            \t<div class=\"product-item col-lg-6 col-md-6 col-xs-1\">\r\n\t                <div class=\"product-img overlay\">\r\n\t                \t<div class=\"product-btn\">\r\n\t\t                    <a href=\"https:\/\/www.gilmanmakina.com\/en\/product\/shuttle-yarn-transfer-machine-aleksander-masura\/\" data-quantity=\"1\" class=\"button wp-element-button product_type_simple\" data-product_id=\"14808\" data-product_sku=\"GM-102\" aria-label=\"Read more about &ldquo;Shuttle Yarn Transfer Machine (Aleksander Masura)&rdquo;\" rel=\"nofollow\">Read more<\/a>\t\t                <\/div>\r\n\t                \t\t                    <a href=\"https:\/\/www.gilmanmakina.com\/en\/product\/shuttle-yarn-transfer-machine-aleksander-masura\/\">\r\n\t                        <img loading=\"lazy\" decoding=\"async\" width=\"900\" height=\"600\" src=\"https:\/\/www.gilmanmakina.com\/wp-content\/uploads\/2022\/11\/mekikli-iplik-sarma-makinasi.jpg\" class=\"attachment-shop_single size-shop_single wp-post-image\" alt=\"\" srcset=\"https:\/\/www.gilmanmakina.com\/wp-content\/uploads\/2022\/11\/mekikli-iplik-sarma-makinasi.jpg 900w, https:\/\/www.gilmanmakina.com\/wp-content\/uploads\/2022\/11\/mekikli-iplik-sarma-makinasi-300x200.jpg 300w, https:\/\/www.gilmanmakina.com\/wp-content\/uploads\/2022\/11\/mekikli-iplik-sarma-makinasi-768x512.jpg 768w, https:\/\/www.gilmanmakina.com\/wp-content\/uploads\/2022\/11\/mekikli-iplik-sarma-makinasi-365x243.jpg 365w, https:\/\/www.gilmanmakina.com\/wp-content\/uploads\/2022\/11\/mekikli-iplik-sarma-makinasi-600x400.jpg 600w\" sizes=\"auto, (max-width: 900px) 100vw, 900px\" \/>\t                    <\/a>\r\n\t                <\/div>\r\n\t                <div class=\"rselements-product-list\">\r\n\t\t                <h4 class=\"product-title\"><a href=\"https:\/\/www.gilmanmakina.com\/en\/product\/shuttle-yarn-transfer-machine-aleksander-masura\/\">Shuttle Yarn Transfer Machine (Aleksander Masura)<\/a><\/h4>\r\n\t\t                <span class=\"product-price\"><\/span>\r\n\t\t                \r\n\t\t            <\/div>\r\n            \t<\/div>\r\n    \t\t            \t<div class=\"product-item col-lg-6 col-md-6 col-xs-1\">\r\n\t                <div class=\"product-img overlay\">\r\n\t                \t<div class=\"product-btn\">\r\n\t\t                    <a href=\"https:\/\/www.gilmanmakina.com\/en\/product\/shuttle-yarn-wrapper-machine\/\" data-quantity=\"1\" class=\"button wp-element-button product_type_simple\" data-product_id=\"14809\" data-product_sku=\"GM-103\" aria-label=\"Read more about &ldquo;Shuttle Yarn Wrapper Machine&rdquo;\" rel=\"nofollow\">Read more<\/a>\t\t                <\/div>\r\n\t                \t\t                    <a href=\"https:\/\/www.gilmanmakina.com\/en\/product\/shuttle-yarn-wrapper-machine\/\">\r\n\t                        <img loading=\"lazy\" decoding=\"async\" width=\"1500\" height=\"1000\" src=\"https:\/\/www.gilmanmakina.com\/wp-content\/uploads\/2022\/11\/mekikli-iplik-sarma-makinasi-103.jpg\" class=\"attachment-shop_single size-shop_single wp-post-image\" alt=\"\" srcset=\"https:\/\/www.gilmanmakina.com\/wp-content\/uploads\/2022\/11\/mekikli-iplik-sarma-makinasi-103.jpg 1500w, https:\/\/www.gilmanmakina.com\/wp-content\/uploads\/2022\/11\/mekikli-iplik-sarma-makinasi-103-300x200.jpg 300w, https:\/\/www.gilmanmakina.com\/wp-content\/uploads\/2022\/11\/mekikli-iplik-sarma-makinasi-103-1024x683.jpg 1024w, https:\/\/www.gilmanmakina.com\/wp-content\/uploads\/2022\/11\/mekikli-iplik-sarma-makinasi-103-768x512.jpg 768w, https:\/\/www.gilmanmakina.com\/wp-content\/uploads\/2022\/11\/mekikli-iplik-sarma-makinasi-103-365x243.jpg 365w, https:\/\/www.gilmanmakina.com\/wp-content\/uploads\/2022\/11\/mekikli-iplik-sarma-makinasi-103-600x400.jpg 600w\" sizes=\"auto, (max-width: 1500px) 100vw, 1500px\" \/>\t                    <\/a>\r\n\t                <\/div>\r\n\t                <div class=\"rselements-product-list\">\r\n\t\t                <h4 class=\"product-title\"><a href=\"https:\/\/www.gilmanmakina.com\/en\/product\/shuttle-yarn-wrapper-machine\/\">Shuttle Yarn Wrapper Machine<\/a><\/h4>\r\n\t\t                <span class=\"product-price\"><\/span>\r\n\t\t                \r\n\t\t            <\/div>\r\n            \t<\/div>\r\n    \t\t            \t<div class=\"product-item col-lg-6 col-md-6 col-xs-1\">\r\n\t                <div class=\"product-img overlay\">\r\n\t                \t<div class=\"product-btn\">\r\n\t\t                    <a href=\"https:\/\/www.gilmanmakina.com\/en\/product\/cartela-machine\/\" data-quantity=\"1\" class=\"button wp-element-button product_type_simple\" data-product_id=\"14810\" data-product_sku=\"GM-105\" aria-label=\"Read more about &ldquo;Cartela Machine&rdquo;\" rel=\"nofollow\">Read more<\/a>\t\t                <\/div>\r\n\t                \t\t                    <a href=\"https:\/\/www.gilmanmakina.com\/en\/product\/cartela-machine\/\">\r\n\t                        <img loading=\"lazy\" decoding=\"async\" width=\"900\" height=\"600\" src=\"https:\/\/www.gilmanmakina.com\/wp-content\/uploads\/2022\/11\/kartela-makinasi.jpg\" class=\"attachment-shop_single size-shop_single wp-post-image\" alt=\"\" srcset=\"https:\/\/www.gilmanmakina.com\/wp-content\/uploads\/2022\/11\/kartela-makinasi.jpg 900w, https:\/\/www.gilmanmakina.com\/wp-content\/uploads\/2022\/11\/kartela-makinasi-300x200.jpg 300w, https:\/\/www.gilmanmakina.com\/wp-content\/uploads\/2022\/11\/kartela-makinasi-768x512.jpg 768w, https:\/\/www.gilmanmakina.com\/wp-content\/uploads\/2022\/11\/kartela-makinasi-365x243.jpg 365w, https:\/\/www.gilmanmakina.com\/wp-content\/uploads\/2022\/11\/kartela-makinasi-600x400.jpg 600w\" sizes=\"auto, (max-width: 900px) 100vw, 900px\" \/>\t                    <\/a>\r\n\t                <\/div>\r\n\t                <div class=\"rselements-product-list\">\r\n\t\t                <h4 class=\"product-title\"><a href=\"https:\/\/www.gilmanmakina.com\/en\/product\/cartela-machine\/\">Cartela Machine<\/a><\/h4>\r\n\t\t                <span class=\"product-price\"><\/span>\r\n\t\t                \r\n\t\t            <\/div>\r\n            \t<\/div>\r\n    \t\t            \t<div class=\"product-item col-lg-6 col-md-6 col-xs-1\">\r\n\t                <div class=\"product-img overlay\">\r\n\t                \t<div class=\"product-btn\">\r\n\t\t                    <a href=\"https:\/\/www.gilmanmakina.com\/en\/product\/shuttle-yarn-folding-machine\/\" data-quantity=\"1\" class=\"button wp-element-button product_type_simple\" data-product_id=\"14811\" data-product_sku=\"GM-104\" aria-label=\"Read more about &ldquo;Shuttle Yarn Folding Machine&rdquo;\" rel=\"nofollow\">Read more<\/a>\t\t                <\/div>\r\n\t                \t\t                    <a href=\"https:\/\/www.gilmanmakina.com\/en\/product\/shuttle-yarn-folding-machine\/\">\r\n\t                        <img loading=\"lazy\" decoding=\"async\" width=\"900\" height=\"600\" src=\"https:\/\/www.gilmanmakina.com\/wp-content\/uploads\/2022\/11\/mekikli-iplik-katlama-makinasi.jpg\" class=\"attachment-shop_single size-shop_single wp-post-image\" alt=\"\" srcset=\"https:\/\/www.gilmanmakina.com\/wp-content\/uploads\/2022\/11\/mekikli-iplik-katlama-makinasi.jpg 900w, https:\/\/www.gilmanmakina.com\/wp-content\/uploads\/2022\/11\/mekikli-iplik-katlama-makinasi-300x200.jpg 300w, https:\/\/www.gilmanmakina.com\/wp-content\/uploads\/2022\/11\/mekikli-iplik-katlama-makinasi-768x512.jpg 768w, https:\/\/www.gilmanmakina.com\/wp-content\/uploads\/2022\/11\/mekikli-iplik-katlama-makinasi-365x243.jpg 365w, https:\/\/www.gilmanmakina.com\/wp-content\/uploads\/2022\/11\/mekikli-iplik-katlama-makinasi-600x400.jpg 600w\" sizes=\"auto, (max-width: 900px) 100vw, 900px\" \/>\t                    <\/a>\r\n\t                <\/div>\r\n\t                <div class=\"rselements-product-list\">\r\n\t\t                <h4 class=\"product-title\"><a href=\"https:\/\/www.gilmanmakina.com\/en\/product\/shuttle-yarn-folding-machine\/\">Shuttle Yarn Folding Machine<\/a><\/h4>\r\n\t\t                <span class=\"product-price\"><\/span>\r\n\t\t                \r\n\t\t            <\/div>\r\n            \t<\/div>\r\n    \t\t            \t<div class=\"product-item col-lg-6 col-md-6 col-xs-1\">\r\n\t                <div class=\"product-img overlay\">\r\n\t                \t<div class=\"product-btn\">\r\n\t\t                    <a href=\"https:\/\/www.gilmanmakina.com\/en\/product\/shuttle-yarn-folding-machine-7-coat\/\" data-quantity=\"1\" class=\"button wp-element-button product_type_simple\" data-product_id=\"14812\" data-product_sku=\"GM-106\" aria-label=\"Read more about &ldquo;Shuttle Yarn Folding Machine (7 Coat)&rdquo;\" rel=\"nofollow\">Read more<\/a>\t\t                <\/div>\r\n\t                \t\t                    <a href=\"https:\/\/www.gilmanmakina.com\/en\/product\/shuttle-yarn-folding-machine-7-coat\/\">\r\n\t                        <img loading=\"lazy\" decoding=\"async\" width=\"1500\" height=\"1000\" src=\"https:\/\/www.gilmanmakina.com\/wp-content\/uploads\/2022\/11\/mekikli-iplik-katlama-makinasi-7-kat.jpg\" class=\"attachment-shop_single size-shop_single wp-post-image\" alt=\"\" srcset=\"https:\/\/www.gilmanmakina.com\/wp-content\/uploads\/2022\/11\/mekikli-iplik-katlama-makinasi-7-kat.jpg 1500w, https:\/\/www.gilmanmakina.com\/wp-content\/uploads\/2022\/11\/mekikli-iplik-katlama-makinasi-7-kat-300x200.jpg 300w, https:\/\/www.gilmanmakina.com\/wp-content\/uploads\/2022\/11\/mekikli-iplik-katlama-makinasi-7-kat-1024x683.jpg 1024w, https:\/\/www.gilmanmakina.com\/wp-content\/uploads\/2022\/11\/mekikli-iplik-katlama-makinasi-7-kat-768x512.jpg 768w, https:\/\/www.gilmanmakina.com\/wp-content\/uploads\/2022\/11\/mekikli-iplik-katlama-makinasi-7-kat-365x243.jpg 365w, https:\/\/www.gilmanmakina.com\/wp-content\/uploads\/2022\/11\/mekikli-iplik-katlama-makinasi-7-kat-600x400.jpg 600w\" sizes=\"auto, (max-width: 1500px) 100vw, 1500px\" \/>\t                    <\/a>\r\n\t                <\/div>\r\n\t                <div class=\"rselements-product-list\">\r\n\t\t                <h4 class=\"product-title\"><a href=\"https:\/\/www.gilmanmakina.com\/en\/product\/shuttle-yarn-folding-machine-7-coat\/\">Shuttle Yarn Folding Machine (7 Coat)<\/a><\/h4>\r\n\t\t                <span class=\"product-price\"><\/span>\r\n\t\t                \r\n\t\t            <\/div>\r\n            \t<\/div>\r\n    \t\t\t            \r\n    \t<\/div>\t\t<\/div>\n\t\t\t\t<\/div>\n\t\t\t\t\t<\/div>\n\t\t<\/div>\n\t\t\t\t\t\t\t<\/div>\n\t\t<\/section>\n\t\t\t\t\t\t\t<\/div>\n\t\t","protected":false},"excerpt":{"rendered":"<p>Devam\u0131n\u0131 oku \u0130plik Sarma Makinas\u0131 (Balabanl\u0131) Devam\u0131n\u0131 oku Mekikli \u0130plik Sarma Makinas\u0131 (Aleksand\u0131r Masura) Devam\u0131n\u0131 oku Mekikli \u0130plik Sarma Makinas\u0131 Devam\u0131n\u0131 oku Mekikli \u0130plik Katlama Makinas\u0131 Devam\u0131n\u0131 oku Kartela Makinas\u0131 Devam\u0131n\u0131 oku Mekikli \u0130plik Katlama Makinas\u0131 (7 Kat)<\/p>\n","protected":false},"author":1,"featured_media":0,"parent":0,"menu_order":0,"comment_status":"closed","ping_status":"closed","template":"","meta":{"footnotes":""},"class_list":["post-14745","page","type-page","status-publish","hentry"],"_links":{"self":[{"href":"https:\/\/www.gilmanmakina.com\/en\/wp-json\/wp\/v2\/pages\/14745","targetHints":{"allow":["GET"]}}],"collection":[{"href":"https:\/\/www.gilmanmakina.com\/en\/wp-json\/wp\/v2\/pages"}],"about":[{"href":"https:\/\/www.gilmanmakina.com\/en\/wp-json\/wp\/v2\/types\/page"}],"author":[{"embeddable":true,"href":"https:\/\/www.gilmanmakina.com\/en\/wp-json\/wp\/v2\/users\/1"}],"replies":[{"embeddable":true,"href":"https:\/\/www.gilmanmakina.com\/en\/wp-json\/wp\/v2\/comments?post=14745"}],"version-history":[{"count":0,"href":"https:\/\/www.gilmanmakina.com\/en\/wp-json\/wp\/v2\/pages\/14745\/revisions"}],"wp:attachment":[{"href":"https:\/\/www.gilmanmakina.com\/en\/wp-json\/wp\/v2\/media?parent=14745"}],"curies":[{"name":"wp","href":"https:\/\/api.w.org\/{rel}","templated":true}]}}